{"id":86,"date":"2023-06-29T17:27:56","date_gmt":"2023-06-29T17:27:56","guid":{"rendered":"https:\/\/soundcheck-veranstaltungsservice.de\/?page_id=86"},"modified":"2026-01-09T11:06:30","modified_gmt":"2026-01-09T11:06:30","slug":"referenzen-2","status":"publish","type":"page","link":"https:\/\/soundcheck-veranstaltungsservice.de\/?page_id=86","title":{"rendered":"Referenzen &#038; Projekte"},"content":{"rendered":"\n<p>Seit vielen Jahren begleiten wir Veranstaltungen unterschiedlichster Gr\u00f6\u00dfen und Formate. Ob privat, \u00f6ffentlich oder gewerblich \u2013 wir arbeiten eng mit Unternehmen, Vereinen, Institutionen und K\u00fcnstlern zusammen.<\/p>\n\n\n\n<p>Nachfolgend finden Sie eine <strong>kleine Auswahl<\/strong> unserer Referenzen, alphabetisch sortiert:<\/p>\n\n\n\n<ul class=\"wp-block-list\">\n<li>Alex von Bouvier (Travestie)<\/li>\n\n\n\n<li>Altes Kino Bottrop<\/li>\n\n\n\n<li>B\u00fcrgerhaus Meiderich<\/li>\n\n\n\n<li>Chaotenkicker Duisburg<\/li>\n\n\n\n<li>Charity Duisburg S\u00fcd<\/li>\n\n\n\n<li>Christian-Zeller-Schule Duisburg<\/li>\n\n\n\n<li>City-W\u00e4rme e. V.<\/li>\n\n\n\n<li>Daddydarko<\/li>\n\n\n\n<li>De K\u00f6lschen Fr\u00fcnde <em>(Je Oller, Je Doller)<\/em><\/li>\n\n\n\n<li>En de Steenpad T\u00f6nisvorst<\/li>\n\n\n\n<li>Firma Poschmann Ger\u00fcstbau<\/li>\n\n\n\n<li>Gut H\u00fclchrath Reitschule Ratingen<\/li>\n\n\n\n<li>Harlekin Duisburg<\/li>\n\n\n\n<li>Jugendzentrum S\u00fcd Duisburg-Gro\u00dfenbaum<\/li>\n\n\n\n<li>KG G\u00e4nsereiter Essen-Freisenbruch<\/li>\n\n\n\n<li>La Bella Italia Duisburg<\/li>\n\n\n\n<li>La Luna Roche (Travestie)<\/li>\n\n\n\n<li>Luise-Albertz-Halle Oberhausen<\/li>\n\n\n\n<li>Mali K\u00fcchenstudio Geldern<\/li>\n\n\n\n<li>MatchBall Witten<\/li>\n\n\n\n<li>Meidericher Stadtfest<\/li>\n\n\n\n<li>Meidericher St. Martinsmarkt<\/li>\n\n\n\n<li>Monique Lamour (Travestie)<\/li>\n\n\n\n<li>Open Air Schlager Festival Geldern<\/li>\n\n\n\n<li>Rhein-Ruhr-Marathon<\/li>\n\n\n\n<li>Sch\u00fctzenhof Marxloh<\/li>\n\n\n\n<li>Seaside Beach Baldeney<\/li>\n\n\n\n<li>Stadt Duisburg<\/li>\n\n\n\n<li>Voerder Tanzsportclub Rot-Wei\u00df 1987<\/li>\n<\/ul>\n\n\n\n<p>Diese Referenzen stellen lediglich einen <strong>Auszug unserer bisherigen Projekte<\/strong> dar und geben einen Einblick in die Vielfalt unserer Arbeit.<\/p>\n\n\n\n<p><\/p>\n\n\n\n<p><\/p>\n\n\n\n<p><\/p>\n","protected":false},"excerpt":{"rendered":"<p>Seit vielen Jahren begleiten wir Veranstaltungen unterschiedlichster Gr\u00f6\u00dfen und Formate. Ob privat, \u00f6ffentlich oder gewerblich \u2013 wir arbeiten eng mit Unternehmen, Vereinen, Institutionen und K\u00fcnstlern zusammen. Nachfolgend finden Sie eine kleine Auswahl unserer Referenzen, alphabetisch sortiert: Diese Referenzen stellen lediglich einen Auszug unserer bisherigen Projekte dar und geben einen Einblick in die Vielfalt unserer Arbeit.<\/p>\n","protected":false},"author":1,"featured_media":0,"parent":0,"menu_order":0,"comment_status":"closed","ping_status":"closed","template":"","meta":{"footnotes":""},"class_list":["post-86","page","type-page","status-publish","hentry"],"_links":{"self":[{"href":"https:\/\/soundcheck-veranstaltungsservice.de\/index.php?rest_route=\/wp\/v2\/pages\/86","targetHints":{"allow":["GET"]}}],"collection":[{"href":"https:\/\/soundcheck-veranstaltungsservice.de\/index.php?rest_route=\/wp\/v2\/pages"}],"about":[{"href":"https:\/\/soundcheck-veranstaltungsservice.de\/index.php?rest_route=\/wp\/v2\/types\/page"}],"author":[{"embeddable":true,"href":"https:\/\/soundcheck-veranstaltungsservice.de\/index.php?rest_route=\/wp\/v2\/users\/1"}],"replies":[{"embeddable":true,"href":"https:\/\/soundcheck-veranstaltungsservice.de\/index.php?rest_route=%2Fwp%2Fv2%2Fcomments&post=86"}],"version-history":[{"count":14,"href":"https:\/\/soundcheck-veranstaltungsservice.de\/index.php?rest_route=\/wp\/v2\/pages\/86\/revisions"}],"predecessor-version":[{"id":412,"href":"https:\/\/soundcheck-veranstaltungsservice.de\/index.php?rest_route=\/wp\/v2\/pages\/86\/revisions\/412"}],"wp:attachment":[{"href":"https:\/\/soundcheck-veranstaltungsservice.de\/index.php?rest_route=%2Fwp%2Fv2%2Fmedia&parent=86"}],"curies":[{"name":"wp","href":"https:\/\/api.w.org\/{rel}","templated":true}]}}