{"id":82,"date":"2023-06-29T17:27:55","date_gmt":"2023-06-29T17:27:55","guid":{"rendered":"https:\/\/soundcheck-veranstaltungsservice.de\/?page_id=82"},"modified":"2026-01-09T10:54:53","modified_gmt":"2026-01-09T10:54:53","slug":"ueber-uns","status":"publish","type":"page","link":"https:\/\/soundcheck-veranstaltungsservice.de\/?page_id=82","title":{"rendered":"\u00dcber Uns"},"content":{"rendered":"\n<p><\/p>\n\n\n\n<p>Unsere Ziele sind klar: <strong>zufriedene Kunden und Veranstaltungen, die zu echten Highlights werden<\/strong>.<br>Daf\u00fcr stehen wir bei <strong>Soundcheck Veranstaltungsservice<\/strong> \u2013 mit festen Werten, die uns bei jedem Projekt begleiten und die Grundlage unserer t\u00e4glichen Arbeit bilden.<\/p>\n\n\n\n<p>Wir arbeiten <strong>zuverl\u00e4ssig, flexibel und kundenorientiert<\/strong>. Gleichzeitig sind wir <strong>kreativ, kompetent und unkompliziert<\/strong>. Qualit\u00e4t und Sicherheit haben dabei immer h\u00f6chste Priorit\u00e4t.<\/p>\n\n\n\n<p>Hinter Soundcheck stehen <strong>gelernte Fachkr\u00e4fte f\u00fcr Veranstaltungstechnik \u2013 inklusive Meisterbrief<\/strong>. Dieses Know-how bringen wir in jede Veranstaltung ein. Um unseren hohen Anspruch dauerhaft zu erf\u00fcllen, setzen wir ausschlie\u00dflich auf <strong>hochwertige Materialien und moderne Technik<\/strong>. Ebenso wichtig sind f\u00fcr uns die <strong>Aus- und regelm\u00e4\u00dfige Weiterbildung<\/strong> unseres Teams.<\/p>\n\n\n\n<p>Unser erfahrenes Fachpersonal begleitet Sie in allen Planungsphasen und unterst\u00fctzt Sie mit gro\u00dfer Leidenschaft \u2013 von der ersten Idee bis zum erfolgreichen Abschluss Ihrer Veranstaltung.<\/p>\n\n\n\n<p>Und am meisten freuen wir uns, wenn aus Ihren Ideen <strong>eine unvergessliche Veranstaltung<\/strong> wird.<\/p>\n","protected":false},"excerpt":{"rendered":"<p>Unsere Ziele sind klar: zufriedene Kunden und Veranstaltungen, die zu echten Highlights werden.Daf\u00fcr stehen wir bei Soundcheck Veranstaltungsservice \u2013 mit festen Werten, die uns bei jedem Projekt begleiten und die Grundlage unserer t\u00e4glichen Arbeit bilden. Wir arbeiten zuverl\u00e4ssig, flexibel und kundenorientiert. Gleichzeitig sind wir kreativ, kompetent und unkompliziert. Qualit\u00e4t und Sicherheit haben dabei immer h\u00f6chste [&hellip;]<\/p>\n","protected":false},"author":1,"featured_media":0,"parent":0,"menu_order":0,"comment_status":"closed","ping_status":"closed","template":"","meta":{"footnotes":""},"class_list":["post-82","page","type-page","status-publish","hentry"],"_links":{"self":[{"href":"https:\/\/soundcheck-veranstaltungsservice.de\/index.php?rest_route=\/wp\/v2\/pages\/82","targetHints":{"allow":["GET"]}}],"collection":[{"href":"https:\/\/soundcheck-veranstaltungsservice.de\/index.php?rest_route=\/wp\/v2\/pages"}],"about":[{"href":"https:\/\/soundcheck-veranstaltungsservice.de\/index.php?rest_route=\/wp\/v2\/types\/page"}],"author":[{"embeddable":true,"href":"https:\/\/soundcheck-veranstaltungsservice.de\/index.php?rest_route=\/wp\/v2\/users\/1"}],"replies":[{"embeddable":true,"href":"https:\/\/soundcheck-veranstaltungsservice.de\/index.php?rest_route=%2Fwp%2Fv2%2Fcomments&post=82"}],"version-history":[{"count":8,"href":"https:\/\/soundcheck-veranstaltungsservice.de\/index.php?rest_route=\/wp\/v2\/pages\/82\/revisions"}],"predecessor-version":[{"id":408,"href":"https:\/\/soundcheck-veranstaltungsservice.de\/index.php?rest_route=\/wp\/v2\/pages\/82\/revisions\/408"}],"wp:attachment":[{"href":"https:\/\/soundcheck-veranstaltungsservice.de\/index.php?rest_route=%2Fwp%2Fv2%2Fmedia&parent=82"}],"curies":[{"name":"wp","href":"https:\/\/api.w.org\/{rel}","templated":true}]}}