{"id":273,"date":"2023-06-30T19:32:06","date_gmt":"2023-06-30T19:32:06","guid":{"rendered":"https:\/\/soundcheck-veranstaltungsservice.de\/?page_id=273"},"modified":"2026-01-09T12:04:26","modified_gmt":"2026-01-09T12:04:26","slug":"personal","status":"publish","type":"page","link":"https:\/\/soundcheck-veranstaltungsservice.de\/?page_id=273","title":{"rendered":"Security &#038; Fachpersonal"},"content":{"rendered":"\n<p>F\u00fcr eine sichere und professionelle Umsetzung von Veranstaltungen stellen wir <strong>qualifiziertes, geschultes und erfahrenes Personal<\/strong> aus unterschiedlichen Fachbereichen zur Verf\u00fcgung. So gew\u00e4hrleisten wir reibungslose Abl\u00e4ufe, hohe Sicherheitsstandards und eine zuverl\u00e4ssige Betreuung vor Ort.<\/p>\n\n\n\n<h3 class=\"wp-block-heading\">Fachpersonal &amp; Qualifikationen<\/h3>\n\n\n\n<ul class=\"wp-block-list\">\n<li><strong>Fachkr\u00e4fte f\u00fcr Veranstaltungstechnik<\/strong><br>(inkl. Tontechniker und Meister f\u00fcr Veranstaltungstechnik)<\/li>\n\n\n\n<li><strong>Veranstaltungskaufleute<\/strong><br>f\u00fcr Organisation, Koordination und Ablaufplanung<\/li>\n\n\n\n<li><strong>Elektrofachkr\u00e4fte<\/strong><br>f\u00fcr sichere Verstromung und technische Infrastruktur<\/li>\n\n\n\n<li><strong>Catering- &amp; Servicepersonal<\/strong><br>inklusive K\u00f6che und gastronomischer Betreuung<\/li>\n\n\n\n<li><strong>Betreuung von Aktionsger\u00e4ten &amp; Kinderbetreuung<\/strong><br>geschultes Personal f\u00fcr sichere und verantwortungsvolle Betreuung<\/li>\n\n\n\n<li><strong>Promotion- und Veranstaltungspersonal<\/strong><br>f\u00fcr Empfang, G\u00e4stebetreuung und Pr\u00e4sentationen<\/li>\n\n\n\n<li><strong>Laserschutzbeauftragte<\/strong><br>gem\u00e4\u00df geltender Vorschriften<\/li>\n\n\n\n<li><strong>Sachkundige Schallpegelmessung<\/strong><br>nach DIN- und gesetzlichen Vorgaben<\/li>\n\n\n\n<li><strong>Sachkundige f\u00fcr Hebemittel<\/strong><\/li>\n\n\n\n<li><strong>Sachkundige f\u00fcr Anschlagmittel &amp; Rigging<\/strong><\/li>\n\n\n\n<li><strong>Fachkr\u00e4fte f\u00fcr Arbeitsschutz<\/strong><\/li>\n<\/ul>\n\n\n\n<hr class=\"wp-block-separator has-alpha-channel-opacity\"\/>\n\n\n\n<h2 class=\"wp-block-heading\">Unser Anspruch<\/h2>\n\n\n\n<p>Unser Personal arbeitet <strong>kompetent, verantwortungsvoll und sicherheitsbewusst<\/strong>. Durch regelm\u00e4\u00dfige Schulungen und klare Einsatzstrukturen stellen wir sicher, dass jede Veranstaltung fachgerecht betreut und umgesetzt wird.<\/p>\n\n\n\n<p><\/p>\n","protected":false},"excerpt":{"rendered":"<p>F\u00fcr eine sichere und professionelle Umsetzung von Veranstaltungen stellen wir qualifiziertes, geschultes und erfahrenes Personal aus unterschiedlichen Fachbereichen zur Verf\u00fcgung. So gew\u00e4hrleisten wir reibungslose Abl\u00e4ufe, hohe Sicherheitsstandards und eine zuverl\u00e4ssige Betreuung vor Ort. Fachpersonal &amp; Qualifikationen Unser Anspruch Unser Personal arbeitet kompetent, verantwortungsvoll und sicherheitsbewusst. Durch regelm\u00e4\u00dfige Schulungen und klare Einsatzstrukturen stellen wir sicher, dass [&hellip;]<\/p>\n","protected":false},"author":1,"featured_media":0,"parent":0,"menu_order":0,"comment_status":"closed","ping_status":"closed","template":"","meta":{"footnotes":""},"class_list":["post-273","page","type-page","status-publish","hentry"],"_links":{"self":[{"href":"https:\/\/soundcheck-veranstaltungsservice.de\/index.php?rest_route=\/wp\/v2\/pages\/273","targetHints":{"allow":["GET"]}}],"collection":[{"href":"https:\/\/soundcheck-veranstaltungsservice.de\/index.php?rest_route=\/wp\/v2\/pages"}],"about":[{"href":"https:\/\/soundcheck-veranstaltungsservice.de\/index.php?rest_route=\/wp\/v2\/types\/page"}],"author":[{"embeddable":true,"href":"https:\/\/soundcheck-veranstaltungsservice.de\/index.php?rest_route=\/wp\/v2\/users\/1"}],"replies":[{"embeddable":true,"href":"https:\/\/soundcheck-veranstaltungsservice.de\/index.php?rest_route=%2Fwp%2Fv2%2Fcomments&post=273"}],"version-history":[{"count":3,"href":"https:\/\/soundcheck-veranstaltungsservice.de\/index.php?rest_route=\/wp\/v2\/pages\/273\/revisions"}],"predecessor-version":[{"id":442,"href":"https:\/\/soundcheck-veranstaltungsservice.de\/index.php?rest_route=\/wp\/v2\/pages\/273\/revisions\/442"}],"wp:attachment":[{"href":"https:\/\/soundcheck-veranstaltungsservice.de\/index.php?rest_route=%2Fwp%2Fv2%2Fmedia&parent=273"}],"curies":[{"name":"wp","href":"https:\/\/api.w.org\/{rel}","templated":true}]}}