{"id":262,"date":"2023-06-30T19:29:35","date_gmt":"2023-06-30T19:29:35","guid":{"rendered":"https:\/\/soundcheck-veranstaltungsservice.de\/?page_id=262"},"modified":"2026-01-09T11:34:47","modified_gmt":"2026-01-09T11:34:47","slug":"catering","status":"publish","type":"page","link":"https:\/\/soundcheck-veranstaltungsservice.de\/?page_id=262","title":{"rendered":"Catering &#038; Serviceleistungen"},"content":{"rendered":"\n<p>F\u00fcr Veranstaltungen jeder Gr\u00f6\u00dfe \u2013 <strong>vom kleinen Event bis hin zu Gro\u00dfveranstaltungen<\/strong> \u2013 bieten wir professionelle Catering-, Service- und Ausstattungsleistungen. Unsere L\u00f6sungen sind skalierbar und werden individuell auf Ihr Event abgestimmt.<\/p>\n\n\n\n<h3 class=\"wp-block-heading\">Ausstattung &amp; Eventmobiliar<\/h3>\n\n\n\n<ul class=\"wp-block-list\">\n<li>K\u00fchlfahrzeuge &amp; K\u00fchlanh\u00e4nger<\/li>\n\n\n\n<li>St\u00fchle, B\u00e4nke, Tische &amp; Hussen<\/li>\n\n\n\n<li>Stehtische &amp; Hussen<\/li>\n\n\n\n<li>Mobiliar &amp; Loungem\u00f6bel<\/li>\n\n\n\n<li>Tischw\u00e4sche<\/li>\n\n\n\n<li>Gl\u00e4ser, Kelche, Fl\u00f6ten &amp; Becher<\/li>\n\n\n\n<li>Besteck &amp; Porzellan<\/li>\n<\/ul>\n\n\n\n<h3 class=\"wp-block-heading\">K\u00fcchentechnik &amp; Versorgung<\/h3>\n\n\n\n<ul class=\"wp-block-list\">\n<li>Warmhalte- &amp; K\u00fchltechnik<\/li>\n\n\n\n<li>K\u00fcchentechnik<\/li>\n\n\n\n<li>Kaffeemaschinen<\/li>\n\n\n\n<li>Back\u00f6fen<\/li>\n<\/ul>\n\n\n\n<h3 class=\"wp-block-heading\">Theken &amp; Bars<\/h3>\n\n\n\n<ul class=\"wp-block-list\">\n<li>Thekenanlagen<\/li>\n\n\n\n<li>Zapfanlagen<\/li>\n\n\n\n<li>Cocktailbars &amp; professionelles Barzubeh\u00f6r<\/li>\n<\/ul>\n\n\n\n<h3 class=\"wp-block-heading\">Service &amp; Personal<\/h3>\n\n\n\n<ul class=\"wp-block-list\">\n<li>Servicepersonal<\/li>\n\n\n\n<li>Theken- &amp; Zapfpersonal<\/li>\n\n\n\n<li>Bankettservice<\/li>\n\n\n\n<li>K\u00f6che<\/li>\n\n\n\n<li>Grillmeister<\/li>\n<\/ul>\n\n\n\n<p>Dank klarer Abl\u00e4ufe, professioneller Ausstattung und erfahrenem Personal sind wir auch f\u00fcr <strong>gr\u00f6\u00dfere Veranstaltungen mit vielen G\u00e4sten<\/strong> bestens aufgestellt.<\/p>\n\n\n\n<p><\/p>\n","protected":false},"excerpt":{"rendered":"<p>F\u00fcr Veranstaltungen jeder Gr\u00f6\u00dfe \u2013 vom kleinen Event bis hin zu Gro\u00dfveranstaltungen \u2013 bieten wir professionelle Catering-, Service- und Ausstattungsleistungen. Unsere L\u00f6sungen sind skalierbar und werden individuell auf Ihr Event abgestimmt. Ausstattung &amp; Eventmobiliar K\u00fcchentechnik &amp; Versorgung Theken &amp; Bars Service &amp; Personal Dank klarer Abl\u00e4ufe, professioneller Ausstattung und erfahrenem Personal sind wir auch f\u00fcr [&hellip;]<\/p>\n","protected":false},"author":1,"featured_media":0,"parent":0,"menu_order":0,"comment_status":"closed","ping_status":"closed","template":"","meta":{"footnotes":""},"class_list":["post-262","page","type-page","status-publish","hentry"],"_links":{"self":[{"href":"https:\/\/soundcheck-veranstaltungsservice.de\/index.php?rest_route=\/wp\/v2\/pages\/262","targetHints":{"allow":["GET"]}}],"collection":[{"href":"https:\/\/soundcheck-veranstaltungsservice.de\/index.php?rest_route=\/wp\/v2\/pages"}],"about":[{"href":"https:\/\/soundcheck-veranstaltungsservice.de\/index.php?rest_route=\/wp\/v2\/types\/page"}],"author":[{"embeddable":true,"href":"https:\/\/soundcheck-veranstaltungsservice.de\/index.php?rest_route=\/wp\/v2\/users\/1"}],"replies":[{"embeddable":true,"href":"https:\/\/soundcheck-veranstaltungsservice.de\/index.php?rest_route=%2Fwp%2Fv2%2Fcomments&post=262"}],"version-history":[{"count":4,"href":"https:\/\/soundcheck-veranstaltungsservice.de\/index.php?rest_route=\/wp\/v2\/pages\/262\/revisions"}],"predecessor-version":[{"id":422,"href":"https:\/\/soundcheck-veranstaltungsservice.de\/index.php?rest_route=\/wp\/v2\/pages\/262\/revisions\/422"}],"wp:attachment":[{"href":"https:\/\/soundcheck-veranstaltungsservice.de\/index.php?rest_route=%2Fwp%2Fv2%2Fmedia&parent=262"}],"curies":[{"name":"wp","href":"https:\/\/api.w.org\/{rel}","templated":true}]}}