{"id":254,"date":"2023-06-30T19:28:05","date_gmt":"2023-06-30T19:28:05","guid":{"rendered":"https:\/\/soundcheck-veranstaltungsservice.de\/?page_id=254"},"modified":"2026-01-09T11:30:50","modified_gmt":"2026-01-09T11:30:50","slug":"tehnik","status":"publish","type":"page","link":"https:\/\/soundcheck-veranstaltungsservice.de\/?page_id=254","title":{"rendered":"Technik &amp; Know-how"},"content":{"rendered":"\n<p>Mit eigener Veranstaltungstechnik und fachkundigem Personal garantieren wir Ihnen eine effektvolle, sichere und reibungslose technische Umsetzung Ihrer Konzepte \u2013 von der ersten Planung bis zur Durchf\u00fchrung vor Ort.<\/p>\n\n\n\n<h2 class=\"wp-block-heading\">Unsere Leistungen im \u00dcberblick<\/h2>\n\n\n\n<ul class=\"wp-block-list\">\n<li>Vermietung und Vertrieb<\/li>\n\n\n\n<li>Show-Lichttechnik &amp; Theaterbeleuchtung<\/li>\n\n\n\n<li>Beschallungstechnik<\/li>\n\n\n\n<li>B\u00fchne &amp; Trib\u00fcne<\/li>\n\n\n\n<li>Projektionstechnik<\/li>\n\n\n\n<li>Zelte &amp; Pavillons<\/li>\n\n\n\n<li>Arbeitsfl\u00e4chen- und Wegeausleuchtung<\/li>\n\n\n\n<li>Spezialeffekte &amp; Pyrotechnik<\/li>\n\n\n\n<li>Lasershows<\/li>\n\n\n\n<li>Architekturbeleuchtung<\/li>\n\n\n\n<li>Verstromung nach VDE \/ BGV<\/li>\n\n\n\n<li>Wasserversorgung nach Trinkwasserverordnung<\/li>\n<\/ul>\n\n\n\n<h2 class=\"wp-block-heading\">Professionelle Technik &amp; starke Marken<\/h2>\n\n\n\n<p>Um h\u00f6chste Qualit\u00e4t, Zuverl\u00e4ssigkeit und Sicherheit zu gew\u00e4hrleisten, setzen wir auf <strong>bew\u00e4hrte Marken der professionellen Veranstaltungstechnik<\/strong>:<\/p>\n\n\n\n<h3 class=\"wp-block-heading\"><strong>Tontechnik \/ Audio<\/strong><\/h3>\n\n\n\n<ul class=\"wp-block-list\">\n<li>Sennheiser<\/li>\n\n\n\n<li>Shure<\/li>\n\n\n\n<li>HK Audio<\/li>\n\n\n\n<li>dB Technologies<\/li>\n\n\n\n<li>Yamaha<\/li>\n<\/ul>\n\n\n\n<h3 class=\"wp-block-heading\"><strong>Mischpulte &amp; Signalverarbeitung<\/strong><\/h3>\n\n\n\n<ul class=\"wp-block-list\">\n<li>Soundcraft<\/li>\n\n\n\n<li>Allen &amp; Heath<\/li>\n<\/ul>\n\n\n\n<h3 class=\"wp-block-heading\"><strong>Lichttechnik &amp; Lichtsteuerung<\/strong><\/h3>\n\n\n\n<ul class=\"wp-block-list\">\n<li>Showtec<\/li>\n\n\n\n<li>Eurolite<\/li>\n\n\n\n<li>grandMA<\/li>\n<\/ul>\n\n\n\n<h3 class=\"wp-block-heading\"><strong>B\u00fchnen- &amp; Traversensysteme<\/strong><\/h3>\n\n\n\n<ul class=\"wp-block-list\">\n<li>B\u00fctec<\/li>\n\n\n\n<li>Global Truss<\/li>\n<\/ul>\n\n\n\n<h3 class=\"wp-block-heading\"><strong>Pyrotechnik &amp; Spezialeffekte<\/strong><\/h3>\n\n\n\n<p>F\u00fcr den professionellen Einsatz von Pyrotechnik verf\u00fcgen wir \u00fcber die <strong>Erlaubnis nach \u00a7 7 SprengG<\/strong>.<br>Damit gew\u00e4hrleisten wir eine <strong>fachgerechte, sichere und genehmigungskonforme Umsetzung<\/strong> pyrotechnischer Effekte.<\/p>\n\n\n\n<p><\/p>\n","protected":false},"excerpt":{"rendered":"<p>Mit eigener Veranstaltungstechnik und fachkundigem Personal garantieren wir Ihnen eine effektvolle, sichere und reibungslose technische Umsetzung Ihrer Konzepte \u2013 von der ersten Planung bis zur Durchf\u00fchrung vor Ort. Unsere Leistungen im \u00dcberblick Professionelle Technik &amp; starke Marken Um h\u00f6chste Qualit\u00e4t, Zuverl\u00e4ssigkeit und Sicherheit zu gew\u00e4hrleisten, setzen wir auf bew\u00e4hrte Marken der professionellen Veranstaltungstechnik: Tontechnik \/ [&hellip;]<\/p>\n","protected":false},"author":1,"featured_media":0,"parent":0,"menu_order":0,"comment_status":"closed","ping_status":"closed","template":"","meta":{"footnotes":""},"class_list":["post-254","page","type-page","status-publish","hentry"],"_links":{"self":[{"href":"https:\/\/soundcheck-veranstaltungsservice.de\/index.php?rest_route=\/wp\/v2\/pages\/254","targetHints":{"allow":["GET"]}}],"collection":[{"href":"https:\/\/soundcheck-veranstaltungsservice.de\/index.php?rest_route=\/wp\/v2\/pages"}],"about":[{"href":"https:\/\/soundcheck-veranstaltungsservice.de\/index.php?rest_route=\/wp\/v2\/types\/page"}],"author":[{"embeddable":true,"href":"https:\/\/soundcheck-veranstaltungsservice.de\/index.php?rest_route=\/wp\/v2\/users\/1"}],"replies":[{"embeddable":true,"href":"https:\/\/soundcheck-veranstaltungsservice.de\/index.php?rest_route=%2Fwp%2Fv2%2Fcomments&post=254"}],"version-history":[{"count":5,"href":"https:\/\/soundcheck-veranstaltungsservice.de\/index.php?rest_route=\/wp\/v2\/pages\/254\/revisions"}],"predecessor-version":[{"id":420,"href":"https:\/\/soundcheck-veranstaltungsservice.de\/index.php?rest_route=\/wp\/v2\/pages\/254\/revisions\/420"}],"wp:attachment":[{"href":"https:\/\/soundcheck-veranstaltungsservice.de\/index.php?rest_route=%2Fwp%2Fv2%2Fmedia&parent=254"}],"curies":[{"name":"wp","href":"https:\/\/api.w.org\/{rel}","templated":true}]}}