{"id":141,"date":"2023-06-29T17:53:55","date_gmt":"2023-06-29T17:53:55","guid":{"rendered":"https:\/\/soundcheck-veranstaltungsservice.de\/?page_id=141"},"modified":"2026-01-09T12:00:07","modified_gmt":"2026-01-09T12:00:07","slug":"kuenstlervermittlung","status":"publish","type":"page","link":"https:\/\/soundcheck-veranstaltungsservice.de\/?page_id=141","title":{"rendered":"Artists &#038; Acts"},"content":{"rendered":"\n<p>Sie planen eine Firmenjubil\u00e4umsfeier und suchen eine passende Moderation?<br>Oder m\u00f6chten Sie Ihren Geburtstag mit einer Live-Band, einem besonderen Showact oder einem Highlightprogramm abrunden?<\/p>\n\n\n\n<p>Wir beraten Sie pers\u00f6nlich und individuell und richten uns ganz nach Ihren Vorstellungen. \u00dcber unser Netzwerk vermitteln wir <strong>regionale, nationale und internationale K\u00fcnstler<\/strong> f\u00fcr unterschiedlichste Veranstaltungsformate. Auch wenn Sie bereits einen bestimmten K\u00fcnstler im Blick haben, unterst\u00fctzen wir Sie selbstverst\u00e4ndlich bei der Anfrage und Buchung.<\/p>\n\n\n\n<p>Von der ersten Idee bis zum Auftritt auf Ihrer B\u00fchne stehen wir Ihnen zuverl\u00e4ssig zur Seite.<br>Kontaktieren Sie uns gerne per E-Mail oder telefonisch \u2013 wir k\u00fcmmern uns um den Rest.<\/p>\n\n\n\n<hr class=\"wp-block-separator has-alpha-channel-opacity\"\/>\n\n\n\n<h2 class=\"wp-block-heading\">K\u00fcnstler &amp; Programmpunkte (Auswahl)<\/h2>\n\n\n\n<ul class=\"wp-block-list\">\n<li>Kleink\u00fcnstler<\/li>\n\n\n\n<li>Interpreten verschiedenster Genres<\/li>\n\n\n\n<li>Musiker &amp; Bands<\/li>\n\n\n\n<li>Nationale &amp; internationale Acts<\/li>\n\n\n\n<li>Comedy &amp; Kabarett<\/li>\n\n\n\n<li>T\u00e4nzer &amp; Showacts<\/li>\n\n\n\n<li>Moderation<\/li>\n\n\n\n<li>Referenten &amp; Vortragsk\u00fcnstler<\/li>\n<\/ul>\n","protected":false},"excerpt":{"rendered":"<p>Sie planen eine Firmenjubil\u00e4umsfeier und suchen eine passende Moderation?Oder m\u00f6chten Sie Ihren Geburtstag mit einer Live-Band, einem besonderen Showact oder einem Highlightprogramm abrunden? Wir beraten Sie pers\u00f6nlich und individuell und richten uns ganz nach Ihren Vorstellungen. \u00dcber unser Netzwerk vermitteln wir regionale, nationale und internationale K\u00fcnstler f\u00fcr unterschiedlichste Veranstaltungsformate. Auch wenn Sie bereits einen bestimmten [&hellip;]<\/p>\n","protected":false},"author":1,"featured_media":0,"parent":0,"menu_order":0,"comment_status":"closed","ping_status":"closed","template":"","meta":{"footnotes":""},"class_list":["post-141","page","type-page","status-publish","hentry"],"_links":{"self":[{"href":"https:\/\/soundcheck-veranstaltungsservice.de\/index.php?rest_route=\/wp\/v2\/pages\/141","targetHints":{"allow":["GET"]}}],"collection":[{"href":"https:\/\/soundcheck-veranstaltungsservice.de\/index.php?rest_route=\/wp\/v2\/pages"}],"about":[{"href":"https:\/\/soundcheck-veranstaltungsservice.de\/index.php?rest_route=\/wp\/v2\/types\/page"}],"author":[{"embeddable":true,"href":"https:\/\/soundcheck-veranstaltungsservice.de\/index.php?rest_route=\/wp\/v2\/users\/1"}],"replies":[{"embeddable":true,"href":"https:\/\/soundcheck-veranstaltungsservice.de\/index.php?rest_route=%2Fwp%2Fv2%2Fcomments&post=141"}],"version-history":[{"count":4,"href":"https:\/\/soundcheck-veranstaltungsservice.de\/index.php?rest_route=\/wp\/v2\/pages\/141\/revisions"}],"predecessor-version":[{"id":440,"href":"https:\/\/soundcheck-veranstaltungsservice.de\/index.php?rest_route=\/wp\/v2\/pages\/141\/revisions\/440"}],"wp:attachment":[{"href":"https:\/\/soundcheck-veranstaltungsservice.de\/index.php?rest_route=%2Fwp%2Fv2%2Fmedia&parent=141"}],"curies":[{"name":"wp","href":"https:\/\/api.w.org\/{rel}","templated":true}]}}